{"id":3,"date":"2019-01-04T11:41:23","date_gmt":"2019-01-04T10:41:23","guid":{"rendered":"https:\/\/hotel-tourmaline.com\/?page_id=3"},"modified":"2019-07-03T14:11:11","modified_gmt":"2019-07-03T12:11:11","slug":"mentions-legales","status":"publish","type":"page","link":"https:\/\/hotel-tourmaline.com\/es\/notas-legales\/","title":{"rendered":"Notas legales"},"content":{"rendered":"<h3>dise\u00f1o y desarrollo web<\/h3>\n\n\n\n<p>CALAMAR- <a href=\"http:\/\/www.agencesquid.com\">www.agenciasquid.com<\/a><\/p>\n\n\n\n<h3>1. INFORMACI\u00d3N LEGAL<\/h3>\n\n\n\n<p>El editor del Sitio es la Soci\u00e9t\u00e9 H\u00f4teli\u00e8re de Tarentaise, con un capital social de 10 000 \u20ac, inscrita en el registro mercantil y de sociedades de Chamb\u00e9ry y cuyo n\u00famero de IVA es FR 615 298 232 96.<br>La sede se encuentra en: 213 Avenue de Tarentaise<br>73210 Aime-la-Plagne<br>Tel\u00e9fono: 04 79 55 62 93<br><\/p>\n\n\n\n<h3>2. ALOJAMIENTO DEL SITIO<\/h3>\n\n\n\n<p>El sitio web www.hotel-tourmaline.com est\u00e1 alojado por la sociedad OVH, SAS con un capital de 10.000.000 euros, inscrita en el RCS de Roubaix-Tourcoing con el n\u00famero 424 761 419 00045.<br>Oficina central: 2 rue Kellerman 59100 Roubaix Francia<\/p>\n\n\n\n<h3>3. DERECHOS DE PROPIEDAD INTELECTUAL<\/h3>\n\n\n\n<p>El Sitio y todo su contenido (en particular, las marcas, logotipos, cualquier elemento gr\u00e1fico, textual e inform\u00e1tico del Sitio, incluidos en particular las estructuras de \u00e1rbol, los dise\u00f1os, los art\u00edculos, las presentaciones, las ilustraciones, las fotograf\u00edas y\/o cualquier otro documento) son protegido por las leyes francesas e internacionales de derechos de autor y propiedad intelectual.<br>No se puede realizar ninguna interpretaci\u00f3n a favor de una licencia de uso o cualquier derecho de uso de estos elementos.<br>Como tales, est\u00e1n prohibidas sus representaciones, reproducciones, anidamientos, distribuciones y retransmisiones, parciales o totales (art\u00edculo L. 122-4 del C\u00f3digo de Propiedad Intelectual). Quien lo haga sin poder justificar la autorizaci\u00f3n previa y expresa del titular de estos derechos incurre en las sanciones correspondientes al delito de falsificaci\u00f3n (art\u00edculos L. 335-2 y siguientes del C\u00f3digo de la Propiedad Intelectual). La Soci\u00e9t\u00e9 H\u00f4teli\u00e8re de Tarentaise puede hacer uso de sus derechos, en particular de propiedad intelectual, para iniciar procedimientos, en particular procedimientos penales.<br>La Soci\u00e9t\u00e9 H\u00f4teli\u00e8re de Tarentaise se reserva el derecho de mejorar o modificar en cualquier momento la informaci\u00f3n, los productos, los programas o las condiciones de uso descritos en el Sitio, sin que por ello se incurra en responsabilidad alguna. Las condiciones y avisos aplicables ser\u00e1n los vigentes en la fecha de su conexi\u00f3n al Sitio.<\/p>\n\n\n\n<h3>4. ENLACES DE HIPERTEXTO<\/h3>\n\n\n\n<p>El usuario que sea redirigido a un sitio de terceros a trav\u00e9s de un enlace de hipertexto establecido en direcci\u00f3n a otros sitios reconoce que la Soci\u00e9t\u00e9 H\u00f4teli\u00e8re de Tarentaise no controla el contenido, la informaci\u00f3n, los productos y los servicios ofrecidos en estos sitios. En consecuencia, la Soci\u00e9t\u00e9 H\u00f4teli\u00e8re de Tarentaise no puede ser considerada responsable de ning\u00fan da\u00f1o directo o indirecto resultante del uso de sitios accesibles a trav\u00e9s de enlaces de hipertexto.<br>La Soci\u00e9t\u00e9 H\u00f4teli\u00e8re de Tarentaise tampoco es responsable de los enlaces de hipertexto que apuntan al Sitio.<br>Cualquiera que desee establecer enlaces de hipertexto que apunten al Sitio debe obtener la autorizaci\u00f3n previa por escrito de la Soci\u00e9t\u00e9 H\u00f4teli\u00e8re de Tarentaise.<\/p>\n\n\n\n<h3>5. LIMITACI\u00d3N DE LA GARANT\u00cdA<\/h3>\n\n\n\n<p>la Soci\u00e9t\u00e9 H\u00f4teli\u00e8re de Tarentaise recuerda a los internautas las caracter\u00edsticas y los l\u00edmites de la red Internet. La Soci\u00e9t\u00e9 H\u00f4teli\u00e8re de Tarentaise no se hace responsable de los da\u00f1os derivados del acceso al Sitio o, por el contrario, de la imposibilidad de acceder al mismo. la Soci\u00e9t\u00e9 H\u00f4teli\u00e8re de Tarentaise no se hace responsable en caso de indisponibilidad del Sitio, por cualquier motivo (defecto t\u00e9cnico, congesti\u00f3n de la red, etc.).<br>El usuario admite expresamente utilizar el Sitio por su cuenta y riesgo y bajo su exclusiva responsabilidad. la Soci\u00e9t\u00e9 H\u00f4teli\u00e8re de Tarentaise no se hace responsable de los da\u00f1os, directos o indirectos, materiales o inmateriales causados a los usuarios, a sus equipos inform\u00e1ticos o de telecomunicaciones, a los datos almacenados en los mismos y de las consecuencias que puedan derivarse sobre su actividad personal, profesional o comercial.<br>La informaci\u00f3n en el Sitio se proporciona \u00fanicamente a t\u00edtulo informativo. La informaci\u00f3n publicada en este Sitio se actualiza y verifica peri\u00f3dicamente, pero a\u00fan puede contener errores. En cualquier caso, la informaci\u00f3n debe tenerse en cuenta cuando se pone en l\u00ednea y no cuando consulta el Sitio (estos datos pueden haber sido actualizados entre el momento en que lo descarg\u00f3 y donde lo ley\u00f3). En cualquier caso, la responsabilidad de la Soci\u00e9t\u00e9 H\u00f4teli\u00e8re de Tarentaise no puede comprometerse a causa de esta informaci\u00f3n.null<\/p>\n\n\n\n<h3>6. USO DEL SITIO<\/h3>\n\n\n\n<p>la Soci\u00e9t\u00e9 H\u00f4teli\u00e8re de Tarentaise ofrece el Sitio principalmente para el uso de sus clientes y de cualquier persona que desee conocer y comprar sus productos y servicios.<br>Cuando se conecta al Sitio:<br>\u2013 usted acepta cumplir con estos t\u00e9rminos y, m\u00e1s en general, con la legislaci\u00f3n aplicable,<br>\u2013 se abstiene de cualquier recopilaci\u00f3n, uso indebido en particular de la informaci\u00f3n personal a la que pueda acceder y, en general, de cualquier acto que pueda da\u00f1ar a terceros.<br>Cuando completa un formulario y proporciona informaci\u00f3n, acepta:<br>\u2013 entregar informaci\u00f3n real, exacta, actualizada al momento de su ingreso y en particular no utilizar nombres, calidades o direcciones falsas, o nombres, calidades o direcciones sin estar autorizado para ello,<br>\u2013 mantener actualizados los datos de registro a fin de garantizar permanentemente su car\u00e1cter real y exacto,<br>\u2013 no poner a disposici\u00f3n o distribuir informaci\u00f3n, programas o elementos ilegales, reprobables o incluso da\u00f1inos (como virus, pirater\u00eda o copia de software).<br>\u2013 no difundir comentarios, opiniones o informaciones de car\u00e1cter difamatorio, obsceno, violento, racista y, en general, contrarios a las leyes y reglamentos vigentes, a los derechos de las personas ya la moral.<br>En caso de violaci\u00f3n de estas disposiciones, la Soci\u00e9t\u00e9 H\u00f4teli\u00e8re de Tarentaise se reserva el derecho a denegarle el acceso al Sitio oa los servicios ofrecidos, \u00fanicamente por su culpa y ello, sin perjuicio de cualquier acci\u00f3n por responsabilidad.<\/p>\n\n\n\n<p>Uso de los datos personales recopilados<\/p>\n\n\n\n<h3>7. COMENTARIOS<\/h3>\n\n\n\n<p>Cuando deja un comentario en nuestro sitio web, los datos ingresados en el formulario de comentarios, pero tambi\u00e9n su direcci\u00f3n IP y el agente de usuario de su navegador se recopilan para ayudarnos a detectar comentarios no deseados.<\/p>\n\n\n\n<p>Se puede enviar una cadena an\u00f3nima creada a partir de su direcci\u00f3n de correo electr\u00f3nico (tambi\u00e9n llamada hash) al servicio Gravatar para verificar si la est\u00e1 utilizando. Las cl\u00e1usulas de confidencialidad del servicio Gravatar est\u00e1n disponibles aqu\u00ed: https:\/\/automattic.com\/privacy\/. Despu\u00e9s de la validaci\u00f3n de su comentario, su foto de perfil ser\u00e1 visible p\u00fablicamente junto a su comentario.<\/p>\n\n\n\n<p>Si es un usuario registrado y sube im\u00e1genes al sitio web, le recomendamos que evite cargar im\u00e1genes que contengan datos de coordenadas GPS EXIF. Los visitantes de su sitio web pueden descargar y extraer datos de ubicaci\u00f3n de estas im\u00e1genes.<\/p>\n\n\n\n<h3>8. COOKIES<\/h3>\n\n\n\n<p>Si deja un comentario en nuestro sitio, se le ofrecer\u00e1 guardar su nombre, direcci\u00f3n de correo electr\u00f3nico y sitio web en cookies. Esto es solo para su comodidad para que no tenga que ingresar esta informaci\u00f3n si deja otro comentario m\u00e1s adelante. Estas cookies expiran despu\u00e9s de un a\u00f1o.<\/p>\n\n\n\n<p>Si tiene una cuenta y se conecta a este sitio, se crear\u00e1 una cookie temporal para determinar si su navegador acepta cookies. No contiene datos personales y se eliminar\u00e1 autom\u00e1ticamente cuando cierre su navegador.<\/p>\n\n\n\n<p>Cuando inicie sesi\u00f3n, configuraremos una serie de cookies para guardar sus datos de inicio de sesi\u00f3n y preferencias de pantalla. La duraci\u00f3n de una cookie de conexi\u00f3n es de dos d\u00edas, la de una cookie de opci\u00f3n de pantalla es de un a\u00f1o. Si marca &quot;Recordarme&quot;, su cookie de inicio de sesi\u00f3n se mantendr\u00e1 durante dos semanas. Si cierra sesi\u00f3n en su cuenta, la cookie de inicio de sesi\u00f3n se borrar\u00e1.<\/p>\n\n\n\n<p>Al editar o publicar un art\u00edculo, se guardar\u00e1 una cookie adicional en su navegador. Esta cookie no incluye ning\u00fan dato personal. Simplemente indica el identificador del art\u00edculo que acabas de modificar. Caduca despu\u00e9s de un d\u00eda.<\/p>\n\n\n\n<h3>9. CONTENIDO INTEGRADO DE OTROS SITIOS<\/h3>\n\n\n\n<p>Los art\u00edculos en este sitio pueden incluir contenido incrustado (por ejemplo, videos, im\u00e1genes, art\u00edculos, etc.). El contenido incrustado de otros sitios se comporta de la misma manera que si el visitante viniera a ese otro sitio.<\/p>\n\n\n\n<p>Estos sitios web podr\u00edan recopilar datos sobre usted, utilizar cookies, incorporar herramientas de seguimiento de terceros, realizar un seguimiento de sus interacciones con este contenido incrustado si tiene una cuenta conectada a su sitio web.<\/p>\n\n\n\n<h3>10. TIEMPOS DE CONSERVACI\u00d3N DE SUS DATOS<\/h3>\n\n\n\n<p>Si deja un comentario, el comentario y sus metadatos se conservan indefinidamente. Esto reconoce y aprueba autom\u00e1ticamente los comentarios posteriores en lugar de dejarlos en la cola de moderaci\u00f3n.<\/p>\n\n\n\n<p>Para los usuarios que se registran en nuestro sitio (si es posible), tambi\u00e9n almacenamos los datos personales indicados en su perfil. Todos los usuarios pueden ver, modificar o eliminar su informaci\u00f3n personal en cualquier momento (excepto su nombre de usuario\u00b7ice). Los administradores del sitio tambi\u00e9n pueden ver y editar esta informaci\u00f3n.<\/p>\n\n\n\n<h3>11. LOS DERECHOS QUE TIENE SOBRE SUS DATOS<\/h3>\n\n\n\n<p>Si tiene una cuenta o ha dejado comentarios en el sitio, puede solicitar recibir un archivo que contenga todos los datos personales que tenemos sobre usted, incluidos los que nos ha proporcionado. Tambi\u00e9n puede solicitar la eliminaci\u00f3n de los datos personales que le conciernen. Esto no tiene en cuenta los datos almacenados por motivos administrativos, legales o de seguridad.<\/p>\n\n\n\n<h3>12. TRANSMISI\u00d3N DE SUS DATOS PERSONALES<\/h3>\n\n\n\n<p>Los comentarios de los visitantes puede que los revise un servicio de detecci\u00f3n autom\u00e1tica de spam.<\/p>\r\n<p>&nbsp;<\/p>\r\n<p>&nbsp;<\/p>\r\n<p>&nbsp;<\/p>\r\n<p>&nbsp;<\/p>\r\n<p>&nbsp;<\/p>\r\n<p>\n\n\n<p><\/p>\n<p>&nbsp;<\/p>","protected":false},"excerpt":{"rendered":"<p>Dise\u00f1o web y desarrollo SQUID \u2013 www.agencesquid.com 1. INFORMACI\u00d3N LEGAL El editor del Sitio es la Soci\u00e9t\u00e9 H\u00f4teli\u00e8re de Tarentaise, con un capital social de 10.000 \u20ac, inscrita en el Registro Mercantil y de Sociedades de Chambery y cuyo IVA es FR 615 298\u2026<\/p>","protected":false},"author":1,"featured_media":0,"parent":0,"menu_order":0,"comment_status":"closed","ping_status":"closed","template":"","meta":{"_exactmetrics_skip_tracking":false,"_exactmetrics_sitenote_active":false,"_exactmetrics_sitenote_note":"","_exactmetrics_sitenote_category":0},"yoast_head":"<!-- This site is optimized with the Yoast SEO plugin v19.4 - https:\/\/yoast.com\/wordpress\/plugins\/seo\/ -->\n<title>Mentions l\u00e9gales - La Tourmaline*** H\u00f4tel &amp; Spa<\/title>\n<meta name=\"description\" content=\"D\u00e9couvrez nos mentions l\u00e9gales.\" \/>\n<meta name=\"robots\" content=\"index, follow, max-snippet:-1, max-image-preview:large, max-video-preview:-1\" \/>\n<link rel=\"canonical\" href=\"https:\/\/hotel-tourmaline.com\/es\/notas-legales\/\" \/>\n<meta property=\"og:locale\" content=\"es_ES\" \/>\n<meta property=\"og:type\" content=\"article\" \/>\n<meta property=\"og:title\" content=\"Mentions l\u00e9gales - La Tourmaline*** H\u00f4tel &amp; Spa\" \/>\n<meta property=\"og:description\" content=\"D\u00e9couvrez nos mentions l\u00e9gales.\" \/>\n<meta property=\"og:url\" content=\"https:\/\/hotel-tourmaline.com\/es\/notas-legales\/\" \/>\n<meta property=\"og:site_name\" content=\"La Tourmaline*** H\u00f4tel &amp; Spa\" \/>\n<meta property=\"article:modified_time\" content=\"2019-07-03T12:11:11+00:00\" \/>\n<meta name=\"twitter:card\" content=\"summary_large_image\" \/>\n<meta name=\"twitter:label1\" content=\"Tiempo de lectura\" \/>\n\t<meta name=\"twitter:data1\" content=\"9 minutos\" \/>\n<script type=\"application\/ld+json\" class=\"yoast-schema-graph\">{\"@context\":\"https:\/\/schema.org\",\"@graph\":[{\"@type\":\"WebSite\",\"@id\":\"https:\/\/hotel-tourmaline.com\/#website\",\"url\":\"https:\/\/hotel-tourmaline.com\/\",\"name\":\"La Tourmaline*** H\u00f4tel &amp; Spa\",\"description\":\"Un h\u00f4tel-restaurant &amp; spa \u00e0 Aime La Plagne\",\"potentialAction\":[{\"@type\":\"SearchAction\",\"target\":{\"@type\":\"EntryPoint\",\"urlTemplate\":\"https:\/\/hotel-tourmaline.com\/?s={search_term_string}\"},\"query-input\":\"required name=search_term_string\"}],\"inLanguage\":\"es\"},{\"@type\":\"WebPage\",\"@id\":\"https:\/\/hotel-tourmaline.com\/mentions-legales\/\",\"url\":\"https:\/\/hotel-tourmaline.com\/mentions-legales\/\",\"name\":\"Mentions l\u00e9gales - La Tourmaline*** H\u00f4tel &amp; Spa\",\"isPartOf\":{\"@id\":\"https:\/\/hotel-tourmaline.com\/#website\"},\"datePublished\":\"2019-01-04T10:41:23+00:00\",\"dateModified\":\"2019-07-03T12:11:11+00:00\",\"description\":\"D\u00e9couvrez nos mentions l\u00e9gales.\",\"breadcrumb\":{\"@id\":\"https:\/\/hotel-tourmaline.com\/mentions-legales\/#breadcrumb\"},\"inLanguage\":\"es\",\"potentialAction\":[{\"@type\":\"ReadAction\",\"target\":[\"https:\/\/hotel-tourmaline.com\/mentions-legales\/\"]}]},{\"@type\":\"BreadcrumbList\",\"@id\":\"https:\/\/hotel-tourmaline.com\/mentions-legales\/#breadcrumb\",\"itemListElement\":[{\"@type\":\"ListItem\",\"position\":1,\"name\":\"Accueil\",\"item\":\"https:\/\/hotel-tourmaline.com\/\"},{\"@type\":\"ListItem\",\"position\":2,\"name\":\"Mentions l\u00e9gales\"}]}]}<\/script>\n<!-- \/ Yoast SEO plugin. -->","yoast_head_json":{"title":"Aviso Legal - La Tourmaline*** Hotel &amp; Spa","description":"Descubre nuestros avisos legales.","robots":{"index":"index","follow":"follow","max-snippet":"max-snippet:-1","max-image-preview":"max-image-preview:large","max-video-preview":"max-video-preview:-1"},"canonical":"https:\/\/hotel-tourmaline.com\/es\/notas-legales\/","og_locale":"es_ES","og_type":"article","og_title":"Mentions l\u00e9gales - La Tourmaline*** H\u00f4tel &amp; Spa","og_description":"D\u00e9couvrez nos mentions l\u00e9gales.","og_url":"https:\/\/hotel-tourmaline.com\/es\/notas-legales\/","og_site_name":"La Tourmaline*** H\u00f4tel &amp; Spa","article_modified_time":"2019-07-03T12:11:11+00:00","twitter_card":"summary_large_image","twitter_misc":{"Tiempo de lectura":"9 minutos"},"schema":{"@context":"https:\/\/schema.org","@graph":[{"@type":"WebSite","@id":"https:\/\/hotel-tourmaline.com\/#website","url":"https:\/\/hotel-tourmaline.com\/","name":"La Tourmaline*** Hotel &amp; Spa","description":"Un hotel-restaurante &amp; spa en Aime La Plagne","potentialAction":[{"@type":"SearchAction","target":{"@type":"EntryPoint","urlTemplate":"https:\/\/hotel-tourmaline.com\/?s={search_term_string}"},"query-input":"required name=search_term_string"}],"inLanguage":"es"},{"@type":"WebPage","@id":"https:\/\/hotel-tourmaline.com\/mentions-legales\/","url":"https:\/\/hotel-tourmaline.com\/mentions-legales\/","name":"Aviso Legal - La Tourmaline*** Hotel &amp; Spa","isPartOf":{"@id":"https:\/\/hotel-tourmaline.com\/#website"},"datePublished":"2019-01-04T10:41:23+00:00","dateModified":"2019-07-03T12:11:11+00:00","description":"Descubre nuestros avisos legales.","breadcrumb":{"@id":"https:\/\/hotel-tourmaline.com\/mentions-legales\/#breadcrumb"},"inLanguage":"es","potentialAction":[{"@type":"ReadAction","target":["https:\/\/hotel-tourmaline.com\/mentions-legales\/"]}]},{"@type":"BreadcrumbList","@id":"https:\/\/hotel-tourmaline.com\/mentions-legales\/#breadcrumb","itemListElement":[{"@type":"ListItem","position":1,"name":"Accueil","item":"https:\/\/hotel-tourmaline.com\/"},{"@type":"ListItem","position":2,"name":"Mentions l\u00e9gales"}]}]}},"post_mailing_queue_ids":[],"_links":{"self":[{"href":"https:\/\/hotel-tourmaline.com\/es\/wp-json\/wp\/v2\/pages\/3"}],"collection":[{"href":"https:\/\/hotel-tourmaline.com\/es\/wp-json\/wp\/v2\/pages"}],"about":[{"href":"https:\/\/hotel-tourmaline.com\/es\/wp-json\/wp\/v2\/types\/page"}],"author":[{"embeddable":true,"href":"https:\/\/hotel-tourmaline.com\/es\/wp-json\/wp\/v2\/users\/1"}],"replies":[{"embeddable":true,"href":"https:\/\/hotel-tourmaline.com\/es\/wp-json\/wp\/v2\/comments?post=3"}],"version-history":[{"count":12,"href":"https:\/\/hotel-tourmaline.com\/es\/wp-json\/wp\/v2\/pages\/3\/revisions"}],"predecessor-version":[{"id":1829,"href":"https:\/\/hotel-tourmaline.com\/es\/wp-json\/wp\/v2\/pages\/3\/revisions\/1829"}],"wp:attachment":[{"href":"https:\/\/hotel-tourmaline.com\/es\/wp-json\/wp\/v2\/media?parent=3"}],"curies":[{"name":"palabra clave","href":"https:\/\/api.w.org\/{rel}","templated":true}]}}