{"id":692,"date":"2019-01-15T15:04:19","date_gmt":"2019-01-15T14:04:19","guid":{"rendered":"https:\/\/hotel-tourmaline.com\/?page_id=692"},"modified":"2022-10-26T09:20:00","modified_gmt":"2022-10-26T07:20:00","slug":"contact","status":"publish","type":"page","link":"https:\/\/hotel-tourmaline.com\/en\/contact-us\/","title":{"rendered":"Contact"},"content":{"rendered":"<div      class=\"vc_row wpb_row section vc_row-fluid\" style=' text-align:left;'><div class=\"full_section_inner clearfix\"><div class=\"wpb_column vc_column_container vc_col-sm-12\"><div class=\"vc_column-inner\"><div class=\"wpb_wrapper\"><div class=\"wpb_revslider_element wpb_content_element\">\n<div id=\"rev_slider_11_1_wrapper\" class=\"rev_slider_wrapper fullscreen-container\" data-source=\"gallery\" style=\"background:#080808;padding:0px;\">\n<!-- START REVOLUTION SLIDER 5.4.8 fullscreen mode -->\n\t<div id=\"rev_slider_11_1\" class=\"rev_slider fullscreenbanner\" style=\"display:none;\" data-version=\"5.4.8\">\n<ul>\t<!-- SLIDE  -->\n\t<li data-index=\"rs-28\" data-transition=\"fade\" data-slotamount=\"default\" data-hideafterloop=\"0\" data-hideslideonmobile=\"off\"  data-easein=\"default\" data-easeout=\"default\" data-masterspeed=\"default\"  data-thumb=\"https:\/\/hotel-tourmaline.com\/wp-content\/uploads\/2019\/06\/bandeau-contact-100x50.jpg\"  data-rotate=\"0\"  data-saveperformance=\"off\"  data-mediafilter=\"mayfair\" data-title=\"Slide\" data-param1=\"\" data-param2=\"\" data-param3=\"\" data-param4=\"\" data-param5=\"\" data-param6=\"\" data-param7=\"\" data-param8=\"\" data-param9=\"\" data-param10=\"\" data-description=\"\">\n\t\t<!-- MAIN IMAGE -->\n\t\t<img src=\"https:\/\/hotel-tourmaline.com\/wp-content\/uploads\/2019\/06\/bandeau-contact.jpg\"  alt=\"\" title=\"contact-band\"  width=\"1920\" height=\"800\" data-bgposition=\"center center\" data-bgfit=\"cover\" data-bgrepeat=\"no-repeat\" data-bgparallax=\"off\" class=\"rev-slidebg\" data-no-retina>\n\t\t<!-- LAYERS -->\n\t<\/li>\n<\/ul>\n<div class=\"tp-bannertimer tp-bottom\" style=\"visibility: hidden !important;\"><\/div>\t<\/div>\n<script>var htmlDiv = document.getElementById(\"rs-plugin-settings-inline-css\"); var htmlDivCss=\"\";\r\n\t\t\t\tif(htmlDiv) {\r\n\t\t\t\t\thtmlDiv.innerHTML = htmlDiv.innerHTML + htmlDivCss;\r\n\t\t\t\t}else{\r\n\t\t\t\t\tvar htmlDiv = document.createElement(\"div\");\r\n\t\t\t\t\thtmlDiv.innerHTML = \"<style>\" + htmlDivCss + \"<\/style>\";\r\n\t\t\t\t\tdocument.getElementsByTagName(\"head\")[0].appendChild(htmlDiv.childNodes[0]);\r\n\t\t\t\t}\r\n\t\t\t<\/script>\n\t\t<script type=\"text\/javascript\">\r\nif (setREVStartSize!==undefined) setREVStartSize(\r\n\t{c: '#rev_slider_11_1', responsiveLevels: [1240,1024,778,480], gridwidth: [1200,1200,1024,480], gridheight: [868,768,960,720], sliderLayout: 'fullscreen', fullScreenAutoWidth:'off', fullScreenAlignForce:'off', fullScreenOffsetContainer:'', fullScreenOffset:'80'});\r\n\t\t\t\r\nvar revapi11,\r\n\ttpj;\t\r\n(function() {\t\t\t\r\n\tif (!\/loaded|interactive|complete\/.test(document.readyState)) document.addEventListener(\"DOMContentLoaded\",onLoad); else onLoad();\t\r\n\tfunction onLoad() {\t\t\t\t\r\n\t\tif (tpj===undefined) { tpj = jQuery; if(\"off\" == \"on\") tpj.noConflict();}\r\n\tif(tpj(\"#rev_slider_11_1\").revolution == undefined){\n\t\trevslider_showDoubleJqueryError(\"#rev_slider_11_1\");\n\t}else{\n\t\trevapi11 = tpj(\"#rev_slider_11_1\").show().revolution({\n\t\t\tsliderType:\"hero\",\n\t\t\tjsFileLocation:\"\/\/hotel-tourmaline.com\/wp-content\/plugins\/revslider\/public\/assets\/js\/\",\n\t\t\tsliderLayout:\"fullscreen\",\n\t\t\tdottedOverlay:\"none\",\n\t\t\tdelay:3500,\n\t\t\tresponsiveLevels:[1240,1024,778,480],\n\t\t\tvisibilityLevels:[1240,1024,778,480],\n\t\t\tgridwidth:[1200,1200,1024,480],\n\t\t\tgridheight:[868,768,960,720],\n\t\t\tlazyType:\"none\",\n\t\t\tparallax: {\n\t\t\t\ttype:\"mouse\",\n\t\t\t\torigo:\"enterpoint\",\n\t\t\t\tspeed:400,\n\t\t\t\tspeedbg:0,\n\t\t\t\tspeedls:0,\n\t\t\t\tlevels:[5,10,15,20,25,30,35,40,45,46,47,48,49,50,51,55],\n\t\t\t},\n\t\t\tshadow:0,\n\t\t\tspinner:\"spinner4\",\n\t\t\tautoHeight:\"off\",\n\t\t\tfullScreenAutoWidth:\"off\",\n\t\t\tfullScreenAlignForce:\"off\",\n\t\t\tfullScreenOffsetContainer: \"\",\n\t\t\tfullScreenOffset: \"80\",\n\t\t\tdisableProgressBar:\"on\",\n\t\t\thideThumbsOnMobile:\"off\",\n\t\t\thideSliderAtLimit:0,\n\t\t\thideCaptionAtLimit:0,\n\t\t\thideAllCaptionAtLilmit:0,\n\t\t\tdebugMode:false,\n\t\t\tfallbacks: {\n\t\t\t\tsimplifyAll:\"off\",\n\t\t\t\tdisableFocusListener:false,\n\t\t\t}\n\t\t});\n\t}; \/* END OF revapi call *\/\n\t\n }; \/* END OF ON LOAD FUNCTION *\/\r\n}()); \/* END OF WRAPPING FUNCTION *\/\r\n<\/script>\r\n\t\t<script>\r\n\t\t\t\t\tvar htmlDivCss = '\t#rev_slider_11_1_wrapper .tp-loader.spinner4 div { background-color: #FFFFFF !important; } ';\r\n\t\t\t\t\tvar htmlDiv = document.getElementById('rs-plugin-settings-inline-css');\r\n\t\t\t\t\tif(htmlDiv) {\r\n\t\t\t\t\t\thtmlDiv.innerHTML = htmlDiv.innerHTML + htmlDivCss;\r\n\t\t\t\t\t}\r\n\t\t\t\t\telse{\r\n\t\t\t\t\t\tvar htmlDiv = document.createElement('div');\r\n\t\t\t\t\t\thtmlDiv.innerHTML = '<style>' + htmlDivCss + '<\/style>';\r\n\t\t\t\t\t\tdocument.getElementsByTagName('head')[0].appendChild(htmlDiv.childNodes[0]);\r\n\t\t\t\t\t}\r\n\t\t\t\t\t<\/script>\r\n\t\t\t\t\t<\/div><!-- END REVOLUTION SLIDER --><\/div><\/div><\/div><\/div><\/div><\/div><div      class=\"vc_row wpb_row section vc_row-fluid  full_screen_section\" style=' padding-top:20px; padding-bottom:20px; text-align:center;'><div class=\"full_section_inner clearfix\"><div class=\"wpb_column vc_column_container vc_col-sm-12\"><div class=\"vc_column-inner\"><div class=\"wpb_wrapper\"><div class='q_elements_holder two_columns eh_two_columns_33_66 responsive_mode_from_768' ><div class='q_elements_item' data-animation='no' style='background-color:#1f2a36;vertical-align:middle;'><div class='q_elements_item_inner'><div class='q_elements_item_content q_elements_holder_custom_601659' style='padding:100px 100px 100px 100px'>\n\t<div class=\"wpb_text_column wpb_content_element\">\n\t\t<div class=\"wpb_wrapper\">\n\t\t\t<h2><span style=\"color: #f7f7f0;\">CONTACT<\/span><\/h2>\n<p>&nbsp;<\/p>\n<p><span style=\"color: #f7f7f0;\">Do you wish to book or need information?<\/span><\/p>\n<p>&nbsp;<\/p>\n<p><span style=\"color: #f7f7f0;\">You can use the contact form below or call us at\u00a0<\/span><\/p>\n<p><span style=\"color: #ccffff;\"><a style=\"color: #ccffff;\" href=\"tel:04 79 55 62 93\">04 79 55 62 93 <\/a><\/span><\/p>\n\n\t\t<\/div> \n\t<\/div> <\/div><\/div><\/div><div class='q_elements_item' data-animation='no' style='background-color:#34393e;vertical-align:middle;'><div class='q_elements_item_inner'><div class='q_elements_item_content q_elements_holder_custom_345496' style='padding:0px 0 0px 0'>\n\t<div class=\"wpb_single_image wpb_content_element vc_align_center\">\n\t\t<div class=\"wpb_wrapper\">\n\t\t\t\n\t\t\t<div class=\"vc_single_image-wrapper   vc_box_border_grey\"><img width=\"1920\" height=\"900\" src=\"https:\/\/hotel-tourmaline.com\/wp-content\/uploads\/2019\/02\/hello-1.jpg\" class=\"vc_single_image-img attachment-full\" alt=\"\" loading=\"lazy\" srcset=\"https:\/\/hotel-tourmaline.com\/wp-content\/uploads\/2019\/02\/hello-1.jpg 1920w, https:\/\/hotel-tourmaline.com\/wp-content\/uploads\/2019\/02\/hello-1-300x141.jpg 300w, https:\/\/hotel-tourmaline.com\/wp-content\/uploads\/2019\/02\/hello-1-768x360.jpg 768w, https:\/\/hotel-tourmaline.com\/wp-content\/uploads\/2019\/02\/hello-1-1024x480.jpg 1024w, https:\/\/hotel-tourmaline.com\/wp-content\/uploads\/2019\/02\/hello-1-700x328.jpg 700w\" sizes=\"(max-width: 1920px) 100vw, 1920px\" \/><\/div>\n\t\t<\/div>\n\t<\/div>\n<\/div><\/div><\/div><\/div><\/div><\/div><\/div><\/div><\/div><div      class=\"vc_row wpb_row section vc_row-fluid  full_screen_section\" style='background-color:#999087; padding-top:5px; padding-bottom:0px; text-align:center;'><div class=\"full_section_inner clearfix\"><div class=\"wpb_column vc_column_container vc_col-sm-12\"><div class=\"vc_column-inner\"><div class=\"wpb_wrapper\"><div class='q_elements_holder two_columns responsive_mode_from_768'  style='background-color:#999087'><div class='q_elements_item' data-animation='no' style='background-color:#999087;vertical-align:top;text-align:center;'><div class='q_elements_item_inner'><div class='q_elements_item_content q_elements_holder_custom_839151' style='padding:0px 10px 0px 10px'><div role=\"form\" class=\"wpcf7\" id=\"wpcf7-f975-o1\" lang=\"fr-FR\" dir=\"ltr\">\n<div class=\"screen-reader-response\"><p role=\"status\" aria-live=\"polite\" aria-atomic=\"true\"><\/p> <ul><\/ul><\/div>\n<form action=\"\/en\/wp-json\/wp\/v2\/pages\/692#wpcf7-f975-o1\" method=\"post\" class=\"wpcf7-form init\" novalidate=\"novalidate\" data-status=\"init\" data-trp-original-action=\"\/en\/wp-json\/wp\/v2\/pages\/692#wpcf7-f975-o1\">\n<div style=\"display: none;\">\n<input type=\"hidden\" name=\"_wpcf7\" value=\"975\" \/>\n<input type=\"hidden\" name=\"_wpcf7_version\" value=\"5.5.6.1\" \/>\n<input type=\"hidden\" name=\"_wpcf7_locale\" value=\"fr_FR\" \/>\n<input type=\"hidden\" name=\"_wpcf7_unit_tag\" value=\"wpcf7-f975-o1\" \/>\n<input type=\"hidden\" name=\"_wpcf7_container_post\" value=\"0\" \/>\n<input type=\"hidden\" name=\"_wpcf7_posted_data_hash\" value=\"\" \/>\n<input type=\"hidden\" name=\"_wpcf7_recaptcha_response\" value=\"\" \/>\n<\/div>\n<p><label> Your name*<br \/>\n    <span class=\"wpcf7-form-control-wrap your-name\"><input type=\"text\" name=\"your-name\" value=\"\" size=\"40\" class=\"wpcf7-form-control wpcf7-text wpcf7-validates-as-required\" aria-required=\"true\" aria-invalid=\"false\" \/><\/span> <\/label><\/p>\n<p><label>Your Email*<br \/>\n    <span class=\"wpcf7-form-control-wrap your-email\"><input type=\"email\" name=\"your-email\" value=\"\" size=\"40\" class=\"wpcf7-form-control wpcf7-text wpcf7-email wpcf7-validates-as-required wpcf7-validates-as-email\" aria-required=\"true\" aria-invalid=\"false\" \/><\/span> <\/label><\/p>\n<p><label> Subject*<br \/>\n    <span class=\"wpcf7-form-control-wrap your-subject\"><input type=\"text\" name=\"your-subject\" value=\"\" size=\"40\" class=\"wpcf7-form-control wpcf7-text\" aria-invalid=\"false\" \/><\/span> <\/label><\/p>\n<p><label> Your message*<br \/>\n    <span class=\"wpcf7-form-control-wrap your-message\"><textarea name=\"your-message\" cols=\"40\" rows=\"10\" class=\"wpcf7-form-control wpcf7-textarea\" aria-invalid=\"false\"><\/textarea><\/span> <\/label><\/p>\n<p><input type=\"submit\" value=\"Send\" class=\"wpcf7-form-control has-spinner wpcf7-submit\" \/><\/p>\n<div class=\"wpcf7-response-output\" aria-hidden=\"true\"><\/div><input type=\"hidden\" name=\"trp-form-language\" value=\"en\"\/><\/form><\/div>\n\t<div class=\"wpb_raw_code wpb_content_element wpb_raw_html\" >\n\t\t<div class=\"wpb_wrapper\">\n\t\t\t\n\t\t<\/div>\n\t<\/div>\n<\/div><\/div><\/div><div class='q_elements_item' data-animation='no' style='background-color:#999087;vertical-align:middle;text-align:center;'><div class='q_elements_item_inner'><div class='q_elements_item_content q_elements_holder_custom_984263' style='padding:30px 10px 0px 0px'><div class=\"wpb_gmaps_widget wpb_content_element vc_custom_1551083006050\" >\n\t\t<div class=\"wpb_wrapper\">\n\t\t<div class=\"wpb_map_wraper\">\n\t\t\t<iframe src=\"https:\/\/www.google.com\/maps\/embed?pb=!1m18!1m12!1m3!1d9494.904453836021!2d6.643133300828252!3d45.555300162160215!2m3!1f0!2f0!3f0!3m2!1i1024!2i768!4f13.1!3m3!1m2!1s0x0%3A0x8a600c105e759414!2sLogis+H%C3%B4tel+la+Tourmaline!5e1!3m2!1sfr!2sfr!4v1550758841670\" width=\"600\" height=\"610\" frameborder=\"0\" style=\"border:0\" allowfullscreen><\/iframe>\t\t<\/div>\n\t<\/div>\n<\/div>\n<\/div><\/div><\/div><\/div><\/div><\/div><\/div><\/div><\/div>","protected":false},"excerpt":{"rendered":"var htmlDiv = document.getElementById(&quot;rs-plugin-settings-inline-css&quot;); var htmlDivCss=&quot;&quot;; if(htmlDiv) { htmlDiv.innerHTML = htmlDiv.innerHTML + htmlDivCss; }else{ var htmlDiv = document.createElement(&quot;div&quot;); htmlDiv. innerHTML = &quot;&quot; + htmlDivCss + &quot;&quot;; document.getElementsByTagName(&quot;head&quot;)[0].appendChild(htmlDiv.childNodes[0]); } if (setREVStartSize!==undefined) setREVStartSize( {c: &#039;#rev_slider_11_2&#039;, responsiveLevels: [1240,1024,778,480], gridwidth: [1200,1200,1024,480], gridheight: [868,768,960,720], sliderLayout: &#039;fullscreen &#039;, fullScreenAutoWidth:&#039;off&#039;, fullScreenAlignForce:&#039;off&#039;, fullScreenOffsetContainer:&#039;&#039;, fullScreenOffset:&#039;80&#039;}); var...","protected":false},"author":1,"featured_media":0,"parent":0,"menu_order":0,"comment_status":"closed","ping_status":"closed","template":"full_width.php","meta":{"_exactmetrics_skip_tracking":false,"_exactmetrics_sitenote_active":false,"_exactmetrics_sitenote_note":"","_exactmetrics_sitenote_category":0},"yoast_head":"<!-- This site is optimized with the Yoast SEO plugin v19.4 - https:\/\/yoast.com\/wordpress\/plugins\/seo\/ -->\n<title>Contactez-nous. R\u00e9servez votre h\u00e9bergement - Hotel &amp; Spa La Tourmaline<\/title>\n<meta name=\"description\" content=\"Par t\u00e9l\u00e9phone au 04 79 04 16 00, par email \u00e0 reservations@hotel-tourmaline.com ou via le formulaire de contact sur notre site. Meilleurs tarifs garantis.\" \/>\n<meta name=\"robots\" content=\"index, follow, max-snippet:-1, max-image-preview:large, max-video-preview:-1\" \/>\n<link rel=\"canonical\" href=\"https:\/\/hotel-tourmaline.com\/en\/contact-us\/\" \/>\n<meta property=\"og:locale\" content=\"en_GB\" \/>\n<meta property=\"og:type\" content=\"article\" \/>\n<meta property=\"og:title\" content=\"Contactez-nous. R\u00e9servez votre h\u00e9bergement - Hotel &amp; Spa La Tourmaline\" \/>\n<meta property=\"og:description\" content=\"Par t\u00e9l\u00e9phone au 04 79 04 16 00, par email \u00e0 reservations@hotel-tourmaline.com ou via le formulaire de contact sur notre site. Meilleurs tarifs garantis.\" \/>\n<meta property=\"og:url\" content=\"https:\/\/hotel-tourmaline.com\/en\/contact-us\/\" \/>\n<meta property=\"og:site_name\" content=\"La Tourmaline*** H\u00f4tel &amp; Spa\" \/>\n<meta property=\"article:modified_time\" content=\"2022-10-26T07:20:00+00:00\" \/>\n<meta name=\"twitter:card\" content=\"summary_large_image\" \/>\n<meta name=\"twitter:label1\" content=\"Estimated reading time\" \/>\n\t<meta name=\"twitter:data1\" content=\"1 minute\" \/>\n<script type=\"application\/ld+json\" class=\"yoast-schema-graph\">{\"@context\":\"https:\/\/schema.org\",\"@graph\":[{\"@type\":\"WebSite\",\"@id\":\"https:\/\/hotel-tourmaline.com\/#website\",\"url\":\"https:\/\/hotel-tourmaline.com\/\",\"name\":\"La Tourmaline*** H\u00f4tel &amp; Spa\",\"description\":\"Un h\u00f4tel-restaurant &amp; spa \u00e0 Aime La Plagne\",\"potentialAction\":[{\"@type\":\"SearchAction\",\"target\":{\"@type\":\"EntryPoint\",\"urlTemplate\":\"https:\/\/hotel-tourmaline.com\/?s={search_term_string}\"},\"query-input\":\"required name=search_term_string\"}],\"inLanguage\":\"en-GB\"},{\"@type\":\"WebPage\",\"@id\":\"https:\/\/hotel-tourmaline.com\/contact\/\",\"url\":\"https:\/\/hotel-tourmaline.com\/contact\/\",\"name\":\"Contactez-nous. R\u00e9servez votre h\u00e9bergement - Hotel & Spa La Tourmaline\",\"isPartOf\":{\"@id\":\"https:\/\/hotel-tourmaline.com\/#website\"},\"datePublished\":\"2019-01-15T14:04:19+00:00\",\"dateModified\":\"2022-10-26T07:20:00+00:00\",\"description\":\"Par t\u00e9l\u00e9phone au 04 79 04 16 00, par email \u00e0 reservations@hotel-tourmaline.com ou via le formulaire de contact sur notre site. Meilleurs tarifs garantis.\",\"breadcrumb\":{\"@id\":\"https:\/\/hotel-tourmaline.com\/contact\/#breadcrumb\"},\"inLanguage\":\"en-GB\",\"potentialAction\":[{\"@type\":\"ReadAction\",\"target\":[\"https:\/\/hotel-tourmaline.com\/contact\/\"]}]},{\"@type\":\"BreadcrumbList\",\"@id\":\"https:\/\/hotel-tourmaline.com\/contact\/#breadcrumb\",\"itemListElement\":[{\"@type\":\"ListItem\",\"position\":1,\"name\":\"Accueil\",\"item\":\"https:\/\/hotel-tourmaline.com\/\"},{\"@type\":\"ListItem\",\"position\":2,\"name\":\"Contact\"}]}]}<\/script>\n<!-- \/ Yoast SEO plugin. -->","yoast_head_json":{"title":"Contact us. Book your accommodation - Hotel &amp; Spa La Tourmaline","description":"By phone on 04 79 04 16 00, by email at reservations@hotel-tourmaline.com or via the contact form on our website. Best rates guaranteed.","robots":{"index":"index","follow":"follow","max-snippet":"max-snippet:-1","max-image-preview":"max-image-preview:large","max-video-preview":"max-video-preview:-1"},"canonical":"https:\/\/hotel-tourmaline.com\/en\/contact-us\/","og_locale":"en_GB","og_type":"article","og_title":"Contactez-nous. R\u00e9servez votre h\u00e9bergement - Hotel & Spa La Tourmaline","og_description":"Par t\u00e9l\u00e9phone au 04 79 04 16 00, par email \u00e0 reservations@hotel-tourmaline.com ou via le formulaire de contact sur notre site. Meilleurs tarifs garantis.","og_url":"https:\/\/hotel-tourmaline.com\/en\/contact-us\/","og_site_name":"La Tourmaline*** H\u00f4tel &amp; Spa","article_modified_time":"2022-10-26T07:20:00+00:00","twitter_card":"summary_large_image","twitter_misc":{"Estimated reading time":"1 minute"},"schema":{"@context":"https:\/\/schema.org","@graph":[{"@type":"WebSite","@id":"https:\/\/hotel-tourmaline.com\/#website","url":"https:\/\/hotel-tourmaline.com\/","name":"The Tourmaline*** Hotel &amp; Spa","description":"A hotel-restaurant &amp; spa to Aime La Plagne","potentialAction":[{"@type":"SearchAction","target":{"@type":"EntryPoint","urlTemplate":"https:\/\/hotel-tourmaline.com\/?s={search_term_string}"},"query-input":"required name=search_term_string"}],"inLanguage":"en-GB"},{"@type":"WebPage","@id":"https:\/\/hotel-tourmaline.com\/contact\/","url":"https:\/\/hotel-tourmaline.com\/contact\/","name":"Contact us. Book your accommodation - Hotel &amp; Spa La Tourmaline","isPartOf":{"@id":"https:\/\/hotel-tourmaline.com\/#website"},"datePublished":"2019-01-15T14:04:19+00:00","dateModified":"2022-10-26T07:20:00+00:00","description":"By phone on 04 79 04 16 00, by email at reservations@hotel-tourmaline.com or via the contact form on our website. Best rates guaranteed.","breadcrumb":{"@id":"https:\/\/hotel-tourmaline.com\/contact\/#breadcrumb"},"inLanguage":"en-GB","potentialAction":[{"@type":"ReadAction","target":["https:\/\/hotel-tourmaline.com\/contact\/"]}]},{"@type":"BreadcrumbList","@id":"https:\/\/hotel-tourmaline.com\/contact\/#breadcrumb","itemListElement":[{"@type":"ListItem","position":1,"name":"Accueil","item":"https:\/\/hotel-tourmaline.com\/"},{"@type":"ListItem","position":2,"name":"Contact"}]}]}},"post_mailing_queue_ids":[],"_links":{"self":[{"href":"https:\/\/hotel-tourmaline.com\/en\/wp-json\/wp\/v2\/pages\/692"}],"collection":[{"href":"https:\/\/hotel-tourmaline.com\/en\/wp-json\/wp\/v2\/pages"}],"about":[{"href":"https:\/\/hotel-tourmaline.com\/en\/wp-json\/wp\/v2\/types\/page"}],"author":[{"embeddable":true,"href":"https:\/\/hotel-tourmaline.com\/en\/wp-json\/wp\/v2\/users\/1"}],"replies":[{"embeddable":true,"href":"https:\/\/hotel-tourmaline.com\/en\/wp-json\/wp\/v2\/comments?post=692"}],"version-history":[{"count":39,"href":"https:\/\/hotel-tourmaline.com\/en\/wp-json\/wp\/v2\/pages\/692\/revisions"}],"predecessor-version":[{"id":2207,"href":"https:\/\/hotel-tourmaline.com\/en\/wp-json\/wp\/v2\/pages\/692\/revisions\/2207"}],"wp:attachment":[{"href":"https:\/\/hotel-tourmaline.com\/en\/wp-json\/wp\/v2\/media?parent=692"}],"curies":[{"name":"wp","href":"https:\/\/api.w.org\/{rel}","templated":true}]}}